{"id":4792,"date":"2020-05-12T12:39:45","date_gmt":"2020-05-12T18:39:45","guid":{"rendered":"https:\/\/novahubcenter.com\/?page_id=4792"},"modified":"2020-05-12T12:41:11","modified_gmt":"2020-05-12T18:41:11","slug":"innovation-showcase-ventures","status":"publish","type":"page","link":"https:\/\/novahubcenter.com\/es\/innovation-showcase-ventures","title":{"rendered":"I"},"content":{"rendered":"<p class=\"qtranxs-available-languages-message qtranxs-available-languages-message-es\">Disculpa, pero esta entrada est\u00e1 disponible s\u00f3lo en <a href=\"https:\/\/novahubcenter.com\/en\/wp-json\/wp\/v2\/pages\/4792\" class=\"qtranxs-available-language-link qtranxs-available-language-link-en\" title=\"English\">Ingl\u00e9s Estadounidense<\/a>.<\/p>","protected":false},"excerpt":{"rendered":"<p>Disculpa, pero esta entrada est\u00e1 disponible s\u00f3lo en Ingl\u00e9s Estadounidense.<\/p>\n","protected":false},"author":1,"featured_media":0,"parent":0,"menu_order":0,"comment_status":"closed","ping_status":"closed","template":"","meta":[],"yoast_head":"<!-- This site is optimized with the Yoast SEO plugin v20.6 - https:\/\/yoast.com\/wordpress\/plugins\/seo\/ -->\n<title>I - Novahub Center<\/title>\n<meta name=\"robots\" content=\"index, follow, max-snippet:-1, max-image-preview:large, max-video-preview:-1\" \/>\n<link rel=\"canonical\" href=\"https:\/\/novahubcenter.com\/innovation-showcase-ventures\" \/>\n<meta property=\"og:locale\" content=\"es_ES\" \/>\n<meta property=\"og:type\" content=\"article\" \/>\n<meta property=\"og:title\" content=\"I - Novahub Center\" \/>\n<meta property=\"og:description\" content=\"Disculpa, pero esta entrada est\u00e1 disponible s\u00f3lo en Ingl\u00e9s Estadounidense.\" \/>\n<meta property=\"og:url\" content=\"https:\/\/novahubcenter.com\/innovation-showcase-ventures\" \/>\n<meta property=\"og:site_name\" content=\"Novahub Center\" \/>\n<meta property=\"article:modified_time\" content=\"2020-05-12T18:41:11+00:00\" \/>\n<meta name=\"twitter:card\" content=\"summary_large_image\" \/>\n<meta name=\"twitter:label1\" content=\"Tiempo de lectura\" \/>\n\t<meta name=\"twitter:data1\" content=\"1 minuto\" \/>\n<script type=\"application\/ld+json\" class=\"yoast-schema-graph\">{\"@context\":\"https:\/\/schema.org\",\"@graph\":[{\"@type\":\"WebPage\",\"@id\":\"https:\/\/novahubcenter.com\/innovation-showcase-ventures\",\"url\":\"https:\/\/novahubcenter.com\/innovation-showcase-ventures\",\"name\":\"I - Novahub Center\",\"isPartOf\":{\"@id\":\"https:\/\/novahubcenter.com\/#website\"},\"datePublished\":\"2020-05-12T18:39:45+00:00\",\"dateModified\":\"2020-05-12T18:41:11+00:00\",\"breadcrumb\":{\"@id\":\"https:\/\/novahubcenter.com\/innovation-showcase-ventures#breadcrumb\"},\"inLanguage\":\"es\",\"potentialAction\":[{\"@type\":\"ReadAction\",\"target\":[\"https:\/\/novahubcenter.com\/innovation-showcase-ventures\"]}]},{\"@type\":\"BreadcrumbList\",\"@id\":\"https:\/\/novahubcenter.com\/innovation-showcase-ventures#breadcrumb\",\"itemListElement\":[{\"@type\":\"ListItem\",\"position\":1,\"name\":\"Home\",\"item\":\"https:\/\/novahubcenter.com\/\"},{\"@type\":\"ListItem\",\"position\":2,\"name\":\"Innovation Showcase Ventures\"}]},{\"@type\":\"WebSite\",\"@id\":\"https:\/\/novahubcenter.com\/#website\",\"url\":\"https:\/\/novahubcenter.com\/\",\"name\":\"Novahub Center\",\"description\":\"International Accelerator\",\"potentialAction\":[{\"@type\":\"SearchAction\",\"target\":{\"@type\":\"EntryPoint\",\"urlTemplate\":\"https:\/\/novahubcenter.com\/?s={search_term_string}\"},\"query-input\":\"required name=search_term_string\"}],\"inLanguage\":\"es\"}]}<\/script>\n<!-- \/ Yoast SEO plugin. -->","yoast_head_json":{"title":"I - Novahub Center","robots":{"index":"index","follow":"follow","max-snippet":"max-snippet:-1","max-image-preview":"max-image-preview:large","max-video-preview":"max-video-preview:-1"},"canonical":"https:\/\/novahubcenter.com\/innovation-showcase-ventures","og_locale":"es_ES","og_type":"article","og_title":"I - Novahub Center","og_description":"Disculpa, pero esta entrada est\u00e1 disponible s\u00f3lo en Ingl\u00e9s Estadounidense.","og_url":"https:\/\/novahubcenter.com\/innovation-showcase-ventures","og_site_name":"Novahub Center","article_modified_time":"2020-05-12T18:41:11+00:00","twitter_card":"summary_large_image","twitter_misc":{"Tiempo de lectura":"1 minuto"},"schema":{"@context":"https:\/\/schema.org","@graph":[{"@type":"WebPage","@id":"https:\/\/novahubcenter.com\/innovation-showcase-ventures","url":"https:\/\/novahubcenter.com\/innovation-showcase-ventures","name":"I - Novahub Center","isPartOf":{"@id":"https:\/\/novahubcenter.com\/#website"},"datePublished":"2020-05-12T18:39:45+00:00","dateModified":"2020-05-12T18:41:11+00:00","breadcrumb":{"@id":"https:\/\/novahubcenter.com\/innovation-showcase-ventures#breadcrumb"},"inLanguage":"es","potentialAction":[{"@type":"ReadAction","target":["https:\/\/novahubcenter.com\/innovation-showcase-ventures"]}]},{"@type":"BreadcrumbList","@id":"https:\/\/novahubcenter.com\/innovation-showcase-ventures#breadcrumb","itemListElement":[{"@type":"ListItem","position":1,"name":"Home","item":"https:\/\/novahubcenter.com\/"},{"@type":"ListItem","position":2,"name":"Innovation Showcase Ventures"}]},{"@type":"WebSite","@id":"https:\/\/novahubcenter.com\/#website","url":"https:\/\/novahubcenter.com\/","name":"Novahub Center","description":"International Accelerator","potentialAction":[{"@type":"SearchAction","target":{"@type":"EntryPoint","urlTemplate":"https:\/\/novahubcenter.com\/?s={search_term_string}"},"query-input":"required name=search_term_string"}],"inLanguage":"es"}]}},"_links":{"self":[{"href":"https:\/\/novahubcenter.com\/es\/wp-json\/wp\/v2\/pages\/4792"}],"collection":[{"href":"https:\/\/novahubcenter.com\/es\/wp-json\/wp\/v2\/pages"}],"about":[{"href":"https:\/\/novahubcenter.com\/es\/wp-json\/wp\/v2\/types\/page"}],"author":[{"embeddable":true,"href":"https:\/\/novahubcenter.com\/es\/wp-json\/wp\/v2\/users\/1"}],"replies":[{"embeddable":true,"href":"https:\/\/novahubcenter.com\/es\/wp-json\/wp\/v2\/comments?post=4792"}],"version-history":[{"count":0,"href":"https:\/\/novahubcenter.com\/es\/wp-json\/wp\/v2\/pages\/4792\/revisions"}],"wp:attachment":[{"href":"https:\/\/novahubcenter.com\/es\/wp-json\/wp\/v2\/media?parent=4792"}],"curies":[{"name":"wp","href":"https:\/\/api.w.org\/{rel}","templated":true}]}}