{"id":190,"date":"2019-09-12T17:44:14","date_gmt":"2019-09-12T17:44:14","guid":{"rendered":"https:\/\/novahubcenter.com\/?page_id=190"},"modified":"2019-10-02T23:23:43","modified_gmt":"2019-10-02T23:23:43","slug":"apply","status":"publish","type":"page","link":"https:\/\/novahubcenter.com\/fr\/apply","title":{"rendered":"Apply"},"content":{"rendered":"[vc_row][vc_column][tm_spacer size=\u00a0\u00bblg:100&Prime;][\/vc_column][\/vc_row][vc_row full_width=\u00a0\u00bbstretch_row_content\u00a0\u00bb background_image=\u00a0\u00bb218&Prime; background_position=\u00a0\u00bbtop\u00a0\u00bb][vc_column][tm_spacer size=\u00a0\u00bblg:100&Prime;][tm_spacer size=\u00a0\u00bblg:400&Prime;][\/vc_column][\/vc_row][vc_row][vc_column][tm_spacer size=\u00a0\u00bblg:100&Prime;][tm_heading style=\u00a0\u00bbtyped-text\u00a0\u00bb tag=\u00a0\u00bbh1&Prime; custom_google_font=\u00a0\u00bb\u00a0\u00bb align=\u00a0\u00bbcenter\u00a0\u00bb typed_list=\u00a0\u00bb%5B%7B%22text%22%3A%22PROJET%22%7D%2C%7B%22text%22%3A%22CIBLE%22%7D%5D\u00a0\u00bb]QUEL EST VOTRE <mark>STARTUP<\/mark>?[\/tm_heading][tm_spacer size=\u00a0\u00bblg:50&Prime;][tm_heading tag=\u00a0\u00bbh5&Prime; custom_google_font=\u00a0\u00bb\u00a0\u00bb align=\u00a0\u00bbcenter\u00a0\u00bb]Avez-vous besoin d&rsquo;une acc\u00e9l\u00e9ration internationale, d&rsquo;une lev\u00e9e de fonds, d&rsquo;une entr\u00e9e sur le march\u00e9 &#8230;? Remplissez ce formulaire pour analyser votre potentiel et ce que nous pouvons faire pour vous![\/tm_heading][\/vc_column][\/vc_row][vc_row][vc_column][tm_spacer size=\u00a0\u00bblg:100&Prime;][tm_contact_form_7 id=\u00a0\u00bb4165&Prime;][tm_spacer size=\u00a0\u00bblg:500&Prime;][\/vc_column][\/vc_row]","protected":false},"excerpt":{"rendered":"<p>[vc_row][vc_column][tm_spacer size=\u00a0\u00bblg:100&Prime;][\/vc_column][\/vc_row][vc_row full_width=\u00a0\u00bbstretch_row_content\u00a0\u00bb background_image=\u00a0\u00bb218&Prime; background_position=\u00a0\u00bbtop\u00a0\u00bb][vc_column][tm_spacer size=\u00a0\u00bblg:100&Prime;][tm_spacer size=\u00a0\u00bblg:400&Prime;][\/vc_column][\/vc_row][vc_row][vc_column][tm_spacer size=\u00a0\u00bblg:100&Prime;][tm_heading style=\u00a0\u00bbtyped-text\u00a0\u00bb tag=\u00a0\u00bbh1&Prime; custom_google_font=\u00a0\u00bb\u00a0\u00bb align=\u00a0\u00bbcenter\u00a0\u00bb typed_list=\u00a0\u00bb%5B%7B%22text%22%3A%22PROJET%22%7D%2C%7B%22text%22%3A%22CIBLE%22%7D%5D\u00a0\u00bb]QUEL EST VOTRE STARTUP?[\/tm_heading][tm_spacer size=\u00a0\u00bblg:50&Prime;][tm_heading tag=\u00a0\u00bbh5&Prime; custom_google_font=\u00a0\u00bb\u00a0\u00bb align=\u00a0\u00bbcenter\u00a0\u00bb]Avez-vous besoin d&rsquo;une acc\u00e9l\u00e9ration internationale, d&rsquo;une lev\u00e9e de fonds, d&rsquo;une entr\u00e9e sur le march\u00e9 &#8230;? Remplissez ce formulaire pour analyser votre potentiel et ce que nous pouvons faire pour vous![\/tm_heading][\/vc_column][\/vc_row][vc_row][vc_column][tm_spacer size=\u00a0\u00bblg:100&Prime;][tm_contact_form_7 id=\u00a0\u00bb4165&Prime;][tm_spacer size=\u00a0\u00bblg:500&Prime;][\/vc_column][\/vc_row]<\/p>\n","protected":false},"author":1,"featured_media":0,"parent":0,"menu_order":0,"comment_status":"closed","ping_status":"closed","template":"","meta":[],"yoast_head":"<!-- This site is optimized with the Yoast SEO plugin v20.6 - https:\/\/yoast.com\/wordpress\/plugins\/seo\/ -->\n<title>Apply - Novahub Center<\/title>\n<meta name=\"robots\" content=\"index, follow, max-snippet:-1, max-image-preview:large, max-video-preview:-1\" \/>\n<link rel=\"canonical\" href=\"https:\/\/novahubcenter.com\/apply\" \/>\n<meta property=\"og:locale\" content=\"fr_FR\" \/>\n<meta property=\"og:type\" content=\"article\" \/>\n<meta property=\"og:title\" content=\"Apply - Novahub Center\" \/>\n<meta property=\"og:description\" content=\"[vc_row][vc_column][tm_spacer size=\u00a0\u00bblg:100&Prime;][\/vc_column][\/vc_row][vc_row full_width=\u00a0\u00bbstretch_row_content\u00a0\u00bb background_image=\u00a0\u00bb218&Prime; background_position=\u00a0\u00bbtop\u00a0\u00bb][vc_column][tm_spacer size=\u00a0\u00bblg:100&Prime;][tm_spacer size=\u00a0\u00bblg:400&Prime;][\/vc_column][\/vc_row][vc_row][vc_column][tm_spacer size=\u00a0\u00bblg:100&Prime;][tm_heading style=\u00a0\u00bbtyped-text\u00a0\u00bb tag=\u00a0\u00bbh1&Prime; custom_google_font=\u00a0\u00bb\u00a0\u00bb align=\u00a0\u00bbcenter\u00a0\u00bb typed_list=\u00a0\u00bb%5B%7B%22text%22%3A%22PROJET%22%7D%2C%7B%22text%22%3A%22CIBLE%22%7D%5D\u00a0\u00bb]QUEL EST VOTRE STARTUP?[\/tm_heading][tm_spacer size=\u00a0\u00bblg:50&Prime;][tm_heading tag=\u00a0\u00bbh5&Prime; custom_google_font=\u00a0\u00bb\u00a0\u00bb align=\u00a0\u00bbcenter\u00a0\u00bb]Avez-vous besoin d&rsquo;une acc\u00e9l\u00e9ration internationale, d&rsquo;une lev\u00e9e de fonds, d&rsquo;une entr\u00e9e sur le march\u00e9 &#8230;? Remplissez ce formulaire pour analyser votre potentiel et ce que nous pouvons faire pour vous![\/tm_heading][\/vc_column][\/vc_row][vc_row][vc_column][tm_spacer size=\u00a0\u00bblg:100&Prime;][tm_contact_form_7 id=\u00a0\u00bb4165&Prime;][tm_spacer size=\u00a0\u00bblg:500&Prime;][\/vc_column][\/vc_row]\" \/>\n<meta property=\"og:url\" content=\"https:\/\/novahubcenter.com\/apply\" \/>\n<meta property=\"og:site_name\" content=\"Novahub Center\" \/>\n<meta property=\"article:modified_time\" content=\"2019-10-02T23:23:43+00:00\" \/>\n<meta name=\"twitter:card\" content=\"summary_large_image\" \/>\n<meta name=\"twitter:label1\" content=\"Dur\u00e9e de lecture estim\u00e9e\" \/>\n\t<meta name=\"twitter:data1\" content=\"2 minutes\" \/>\n<script type=\"application\/ld+json\" class=\"yoast-schema-graph\">{\"@context\":\"https:\/\/schema.org\",\"@graph\":[{\"@type\":\"WebPage\",\"@id\":\"https:\/\/novahubcenter.com\/apply\",\"url\":\"https:\/\/novahubcenter.com\/apply\",\"name\":\"Apply - Novahub Center\",\"isPartOf\":{\"@id\":\"https:\/\/novahubcenter.com\/#website\"},\"datePublished\":\"2019-09-12T17:44:14+00:00\",\"dateModified\":\"2019-10-02T23:23:43+00:00\",\"breadcrumb\":{\"@id\":\"https:\/\/novahubcenter.com\/apply#breadcrumb\"},\"inLanguage\":\"fr-FR\",\"potentialAction\":[{\"@type\":\"ReadAction\",\"target\":[\"https:\/\/novahubcenter.com\/apply\"]}]},{\"@type\":\"BreadcrumbList\",\"@id\":\"https:\/\/novahubcenter.com\/apply#breadcrumb\",\"itemListElement\":[{\"@type\":\"ListItem\",\"position\":1,\"name\":\"Home\",\"item\":\"https:\/\/novahubcenter.com\/\"},{\"@type\":\"ListItem\",\"position\":2,\"name\":\"Apply\"}]},{\"@type\":\"WebSite\",\"@id\":\"https:\/\/novahubcenter.com\/#website\",\"url\":\"https:\/\/novahubcenter.com\/\",\"name\":\"Novahub Center\",\"description\":\"Just another WordPress site\",\"potentialAction\":[{\"@type\":\"SearchAction\",\"target\":{\"@type\":\"EntryPoint\",\"urlTemplate\":\"https:\/\/novahubcenter.com\/?s={search_term_string}\"},\"query-input\":\"required name=search_term_string\"}],\"inLanguage\":\"fr-FR\"}]}<\/script>\n<!-- \/ Yoast SEO plugin. -->","yoast_head_json":{"title":"Apply - Novahub Center","robots":{"index":"index","follow":"follow","max-snippet":"max-snippet:-1","max-image-preview":"max-image-preview:large","max-video-preview":"max-video-preview:-1"},"canonical":"https:\/\/novahubcenter.com\/apply","og_locale":"fr_FR","og_type":"article","og_title":"Apply - Novahub Center","og_description":"[vc_row][vc_column][tm_spacer size=\u00a0\u00bblg:100&Prime;][\/vc_column][\/vc_row][vc_row full_width=\u00a0\u00bbstretch_row_content\u00a0\u00bb background_image=\u00a0\u00bb218&Prime; background_position=\u00a0\u00bbtop\u00a0\u00bb][vc_column][tm_spacer size=\u00a0\u00bblg:100&Prime;][tm_spacer size=\u00a0\u00bblg:400&Prime;][\/vc_column][\/vc_row][vc_row][vc_column][tm_spacer size=\u00a0\u00bblg:100&Prime;][tm_heading style=\u00a0\u00bbtyped-text\u00a0\u00bb tag=\u00a0\u00bbh1&Prime; custom_google_font=\u00a0\u00bb\u00a0\u00bb align=\u00a0\u00bbcenter\u00a0\u00bb typed_list=\u00a0\u00bb%5B%7B%22text%22%3A%22PROJET%22%7D%2C%7B%22text%22%3A%22CIBLE%22%7D%5D\u00a0\u00bb]QUEL EST VOTRE STARTUP?[\/tm_heading][tm_spacer size=\u00a0\u00bblg:50&Prime;][tm_heading tag=\u00a0\u00bbh5&Prime; custom_google_font=\u00a0\u00bb\u00a0\u00bb align=\u00a0\u00bbcenter\u00a0\u00bb]Avez-vous besoin d&rsquo;une acc\u00e9l\u00e9ration internationale, d&rsquo;une lev\u00e9e de fonds, d&rsquo;une entr\u00e9e sur le march\u00e9 &#8230;? Remplissez ce formulaire pour analyser votre potentiel et ce que nous pouvons faire pour vous![\/tm_heading][\/vc_column][\/vc_row][vc_row][vc_column][tm_spacer size=\u00a0\u00bblg:100&Prime;][tm_contact_form_7 id=\u00a0\u00bb4165&Prime;][tm_spacer size=\u00a0\u00bblg:500&Prime;][\/vc_column][\/vc_row]","og_url":"https:\/\/novahubcenter.com\/apply","og_site_name":"Novahub Center","article_modified_time":"2019-10-02T23:23:43+00:00","twitter_card":"summary_large_image","twitter_misc":{"Dur\u00e9e de lecture estim\u00e9e":"2 minutes"},"schema":{"@context":"https:\/\/schema.org","@graph":[{"@type":"WebPage","@id":"https:\/\/novahubcenter.com\/apply","url":"https:\/\/novahubcenter.com\/apply","name":"Apply - Novahub Center","isPartOf":{"@id":"https:\/\/novahubcenter.com\/#website"},"datePublished":"2019-09-12T17:44:14+00:00","dateModified":"2019-10-02T23:23:43+00:00","breadcrumb":{"@id":"https:\/\/novahubcenter.com\/apply#breadcrumb"},"inLanguage":"fr-FR","potentialAction":[{"@type":"ReadAction","target":["https:\/\/novahubcenter.com\/apply"]}]},{"@type":"BreadcrumbList","@id":"https:\/\/novahubcenter.com\/apply#breadcrumb","itemListElement":[{"@type":"ListItem","position":1,"name":"Home","item":"https:\/\/novahubcenter.com\/"},{"@type":"ListItem","position":2,"name":"Apply"}]},{"@type":"WebSite","@id":"https:\/\/novahubcenter.com\/#website","url":"https:\/\/novahubcenter.com\/","name":"Novahub Center","description":"Just another WordPress site","potentialAction":[{"@type":"SearchAction","target":{"@type":"EntryPoint","urlTemplate":"https:\/\/novahubcenter.com\/?s={search_term_string}"},"query-input":"required name=search_term_string"}],"inLanguage":"fr-FR"}]}},"_links":{"self":[{"href":"https:\/\/novahubcenter.com\/fr\/wp-json\/wp\/v2\/pages\/190"}],"collection":[{"href":"https:\/\/novahubcenter.com\/fr\/wp-json\/wp\/v2\/pages"}],"about":[{"href":"https:\/\/novahubcenter.com\/fr\/wp-json\/wp\/v2\/types\/page"}],"author":[{"embeddable":true,"href":"https:\/\/novahubcenter.com\/fr\/wp-json\/wp\/v2\/users\/1"}],"replies":[{"embeddable":true,"href":"https:\/\/novahubcenter.com\/fr\/wp-json\/wp\/v2\/comments?post=190"}],"version-history":[{"count":0,"href":"https:\/\/novahubcenter.com\/fr\/wp-json\/wp\/v2\/pages\/190\/revisions"}],"wp:attachment":[{"href":"https:\/\/novahubcenter.com\/fr\/wp-json\/wp\/v2\/media?parent=190"}],"curies":[{"name":"wp","href":"https:\/\/api.w.org\/{rel}","templated":true}]}}