{"id":4680,"date":"2020-05-05T10:18:49","date_gmt":"2020-05-05T16:18:49","guid":{"rendered":"https:\/\/novahubcenter.com\/?page_id=4680"},"modified":"2020-05-19T16:30:39","modified_gmt":"2020-05-19T22:30:39","slug":"innovation-showcase-corporates","status":"publish","type":"page","link":"https:\/\/novahubcenter.com\/fr\/innovation-showcase-corporates","title":{"rendered":"(English) Innovation Showcase Corporates"},"content":{"rendered":"<p class=\"qtranxs-available-languages-message qtranxs-available-languages-message-fr\">D\u00e9sol\u00e9, cet article est seulement disponible en <a href=\"https:\/\/novahubcenter.com\/en\/wp-json\/wp\/v2\/pages\/4680\" class=\"qtranxs-available-language-link qtranxs-available-language-link-en\" title=\"English\">Anglais Am\u00e9ricain<\/a>.<\/p>","protected":false},"excerpt":{"rendered":"<p>D\u00e9sol\u00e9, cet article est seulement disponible en Anglais Am\u00e9ricain.<\/p>\n","protected":false},"author":1,"featured_media":0,"parent":0,"menu_order":0,"comment_status":"closed","ping_status":"closed","template":"","meta":[],"yoast_head":"<!-- This site is optimized with the Yoast SEO plugin v20.6 - https:\/\/yoast.com\/wordpress\/plugins\/seo\/ -->\n<title>(English) Innovation Showcase Corporates - Novahub Center<\/title>\n<meta name=\"robots\" content=\"index, follow, max-snippet:-1, max-image-preview:large, max-video-preview:-1\" \/>\n<link rel=\"canonical\" href=\"https:\/\/novahubcenter.com\/innovation-showcase-corporates\" \/>\n<meta property=\"og:locale\" content=\"fr_FR\" \/>\n<meta property=\"og:type\" content=\"article\" \/>\n<meta property=\"og:title\" content=\"(English) Innovation Showcase Corporates - Novahub Center\" \/>\n<meta property=\"og:description\" content=\"D\u00e9sol\u00e9, cet article est seulement disponible en Anglais Am\u00e9ricain.\" \/>\n<meta property=\"og:url\" content=\"https:\/\/novahubcenter.com\/innovation-showcase-corporates\" \/>\n<meta property=\"og:site_name\" content=\"Novahub Center\" \/>\n<meta property=\"article:modified_time\" content=\"2020-05-19T22:30:39+00:00\" \/>\n<meta name=\"twitter:card\" content=\"summary_large_image\" \/>\n<meta name=\"twitter:label1\" content=\"Dur\u00e9e de lecture estim\u00e9e\" \/>\n\t<meta name=\"twitter:data1\" content=\"1 minute\" \/>\n<script type=\"application\/ld+json\" class=\"yoast-schema-graph\">{\"@context\":\"https:\/\/schema.org\",\"@graph\":[{\"@type\":\"WebPage\",\"@id\":\"https:\/\/novahubcenter.com\/innovation-showcase-corporates\",\"url\":\"https:\/\/novahubcenter.com\/innovation-showcase-corporates\",\"name\":\"(English) Innovation Showcase Corporates - Novahub Center\",\"isPartOf\":{\"@id\":\"https:\/\/novahubcenter.com\/#website\"},\"datePublished\":\"2020-05-05T16:18:49+00:00\",\"dateModified\":\"2020-05-19T22:30:39+00:00\",\"breadcrumb\":{\"@id\":\"https:\/\/novahubcenter.com\/innovation-showcase-corporates#breadcrumb\"},\"inLanguage\":\"fr-FR\",\"potentialAction\":[{\"@type\":\"ReadAction\",\"target\":[\"https:\/\/novahubcenter.com\/innovation-showcase-corporates\"]}]},{\"@type\":\"BreadcrumbList\",\"@id\":\"https:\/\/novahubcenter.com\/innovation-showcase-corporates#breadcrumb\",\"itemListElement\":[{\"@type\":\"ListItem\",\"position\":1,\"name\":\"Home\",\"item\":\"https:\/\/novahubcenter.com\/\"},{\"@type\":\"ListItem\",\"position\":2,\"name\":\"Innovation Showcase Corporates\"}]},{\"@type\":\"WebSite\",\"@id\":\"https:\/\/novahubcenter.com\/#website\",\"url\":\"https:\/\/novahubcenter.com\/\",\"name\":\"Novahub Center\",\"description\":\"Just another WordPress site\",\"potentialAction\":[{\"@type\":\"SearchAction\",\"target\":{\"@type\":\"EntryPoint\",\"urlTemplate\":\"https:\/\/novahubcenter.com\/?s={search_term_string}\"},\"query-input\":\"required name=search_term_string\"}],\"inLanguage\":\"fr-FR\"}]}<\/script>\n<!-- \/ Yoast SEO plugin. -->","yoast_head_json":{"title":"(English) Innovation Showcase Corporates - Novahub Center","robots":{"index":"index","follow":"follow","max-snippet":"max-snippet:-1","max-image-preview":"max-image-preview:large","max-video-preview":"max-video-preview:-1"},"canonical":"https:\/\/novahubcenter.com\/innovation-showcase-corporates","og_locale":"fr_FR","og_type":"article","og_title":"(English) Innovation Showcase Corporates - Novahub Center","og_description":"D\u00e9sol\u00e9, cet article est seulement disponible en Anglais Am\u00e9ricain.","og_url":"https:\/\/novahubcenter.com\/innovation-showcase-corporates","og_site_name":"Novahub Center","article_modified_time":"2020-05-19T22:30:39+00:00","twitter_card":"summary_large_image","twitter_misc":{"Dur\u00e9e de lecture estim\u00e9e":"1 minute"},"schema":{"@context":"https:\/\/schema.org","@graph":[{"@type":"WebPage","@id":"https:\/\/novahubcenter.com\/innovation-showcase-corporates","url":"https:\/\/novahubcenter.com\/innovation-showcase-corporates","name":"(English) Innovation Showcase Corporates - Novahub Center","isPartOf":{"@id":"https:\/\/novahubcenter.com\/#website"},"datePublished":"2020-05-05T16:18:49+00:00","dateModified":"2020-05-19T22:30:39+00:00","breadcrumb":{"@id":"https:\/\/novahubcenter.com\/innovation-showcase-corporates#breadcrumb"},"inLanguage":"fr-FR","potentialAction":[{"@type":"ReadAction","target":["https:\/\/novahubcenter.com\/innovation-showcase-corporates"]}]},{"@type":"BreadcrumbList","@id":"https:\/\/novahubcenter.com\/innovation-showcase-corporates#breadcrumb","itemListElement":[{"@type":"ListItem","position":1,"name":"Home","item":"https:\/\/novahubcenter.com\/"},{"@type":"ListItem","position":2,"name":"Innovation Showcase Corporates"}]},{"@type":"WebSite","@id":"https:\/\/novahubcenter.com\/#website","url":"https:\/\/novahubcenter.com\/","name":"Novahub Center","description":"Just another WordPress site","potentialAction":[{"@type":"SearchAction","target":{"@type":"EntryPoint","urlTemplate":"https:\/\/novahubcenter.com\/?s={search_term_string}"},"query-input":"required name=search_term_string"}],"inLanguage":"fr-FR"}]}},"_links":{"self":[{"href":"https:\/\/novahubcenter.com\/fr\/wp-json\/wp\/v2\/pages\/4680"}],"collection":[{"href":"https:\/\/novahubcenter.com\/fr\/wp-json\/wp\/v2\/pages"}],"about":[{"href":"https:\/\/novahubcenter.com\/fr\/wp-json\/wp\/v2\/types\/page"}],"author":[{"embeddable":true,"href":"https:\/\/novahubcenter.com\/fr\/wp-json\/wp\/v2\/users\/1"}],"replies":[{"embeddable":true,"href":"https:\/\/novahubcenter.com\/fr\/wp-json\/wp\/v2\/comments?post=4680"}],"version-history":[{"count":0,"href":"https:\/\/novahubcenter.com\/fr\/wp-json\/wp\/v2\/pages\/4680\/revisions"}],"wp:attachment":[{"href":"https:\/\/novahubcenter.com\/fr\/wp-json\/wp\/v2\/media?parent=4680"}],"curies":[{"name":"wp","href":"https:\/\/api.w.org\/{rel}","templated":true}]}}